{"id":27,"date":"2024-10-18T22:43:34","date_gmt":"2024-10-18T20:43:34","guid":{"rendered":"https:\/\/encantalbot.temoignagesvideo.com\/?page_id=27"},"modified":"2025-10-17T16:31:30","modified_gmt":"2025-10-17T20:31:30","slug":"realisations-passees","status":"publish","type":"page","link":"https:\/\/talbotencanteur.ca\/en\/realisations-passees\/","title":{"rendered":"Past achievements"},"content":{"rendered":"<p><div class=\"fusion-fullwidth fullwidth-box fusion-builder-row-1 fusion-flex-container has-pattern-background has-mask-background fusion-parallax-none nonhundred-percent-fullwidth non-hundred-percent-height-scrolling\" style=\"--awb-border-radius-top-left:0px;--awb-border-radius-top-right:0px;--awb-border-radius-bottom-right:0px;--awb-border-radius-bottom-left:0px;--awb-padding-top:200px;--awb-padding-bottom:80px;--awb-padding-top-medium:100px;--awb-padding-bottom-medium:60px;--awb-padding-top-small:80px;--awb-padding-bottom-small:40px;--awb-background-image:linear-gradient(180deg, rgba(0,0,0,0.4) 0%,rgba(0,0,0,0.4) 100%),url(https:\/\/talbotencanteur.ca\/wp-content\/uploads\/2024\/10\/bg-1.jpg);;--awb-background-size:cover;--awb-flex-wrap:wrap;\" ><div class=\"fusion-builder-row fusion-row fusion-flex-align-items-flex-start fusion-flex-content-wrap\" style=\"max-width:1352px;margin-left: calc(-4% \/ 2 );margin-right: calc(-4% \/ 2 );\"><div class=\"fusion-layout-column fusion_builder_column fusion-builder-column-0 fusion_builder_column_1_1 1_1 fusion-flex-column\" style=\"--awb-bg-size:cover;--awb-width-large:100%;--awb-margin-top-large:0px;--awb-spacing-right-large:1.92%;--awb-margin-bottom-large:0px;--awb-spacing-left-large:1.92%;--awb-width-medium:100%;--awb-order-medium:0;--awb-spacing-right-medium:1.92%;--awb-spacing-left-medium:1.92%;--awb-width-small:100%;--awb-order-small:0;--awb-spacing-right-small:1.92%;--awb-spacing-left-small:1.92%;\"><div class=\"fusion-column-wrapper fusion-column-has-shadow fusion-flex-justify-content-flex-start fusion-content-layout-column\"><div class=\"fusion-title title fusion-title-1 fusion-sep-none fusion-title-text fusion-title-size-one\" style=\"--awb-text-color:var(--awb-color1);\"><h1 class=\"fusion-title-heading title-heading-left fusion-responsive-typography-calculated\" style=\"--fontSize:48.75;line-height:1.1;\">Our past achievements<\/h1><\/div><div class=\"fusion-text fusion-text-1\" style=\"--awb-font-size:18px;--awb-text-color:var(--awb-color1);\"><p>Talbot and Associates Auctioneer, Appraisers inc.<\/p>\n<\/div><\/div><\/div><\/div><\/div><div class=\"fusion-fullwidth fullwidth-box fusion-builder-row-2 fusion-flex-container has-pattern-background has-mask-background nonhundred-percent-fullwidth non-hundred-percent-height-scrolling\" style=\"--awb-border-radius-top-left:0px;--awb-border-radius-top-right:0px;--awb-border-radius-bottom-right:0px;--awb-border-radius-bottom-left:0px;--awb-padding-top:100px;--awb-padding-bottom:100px;--awb-padding-top-medium:80px;--awb-padding-bottom-medium:80px;--awb-padding-top-small:50px;--awb-padding-bottom-small:50px;--awb-background-color:var(--awb-color3);--awb-flex-wrap:wrap;\" ><div class=\"fusion-builder-row fusion-row fusion-flex-align-items-flex-start fusion-flex-content-wrap\" style=\"max-width:1352px;margin-left: calc(-4% \/ 2 );margin-right: calc(-4% \/ 2 );\"><div class=\"fusion-layout-column fusion_builder_column fusion-builder-column-1 fusion_builder_column_1_1 1_1 fusion-flex-column\" style=\"--awb-bg-size:cover;--awb-width-large:100%;--awb-margin-top-large:0px;--awb-spacing-right-large:1.92%;--awb-margin-bottom-large:0px;--awb-spacing-left-large:1.92%;--awb-width-medium:100%;--awb-order-medium:0;--awb-spacing-right-medium:1.92%;--awb-spacing-left-medium:1.92%;--awb-width-small:100%;--awb-order-small:0;--awb-spacing-right-small:1.92%;--awb-spacing-left-small:1.92%;\"><div class=\"fusion-column-wrapper fusion-column-has-shadow fusion-flex-justify-content-flex-start fusion-content-layout-column\"><div class=\"table-1\"><table class=\"cpt-date-depassee\"><tr><th>Date<\/th><th>Auction<\/th><th>City<\/th><\/tr><tr><td>2026-04-01<\/td><td><a href=\"https:\/\/talbotencanteur.ca\/en\/encan-machinerie-alarie-inc-pare-transport-et-logistique\/\">Encan Machinerie Alarie inc. \/ Par\u00e9 Transport et Logistique inc. \/ Excavation Boily &amp; Fr\u00e8res inc.<\/a><\/td><td>Saint-Jean-sur-Richelieu<\/td><\/tr><tr><td>2026-03-25<\/td><td><a href=\"https:\/\/talbotencanteur.ca\/en\/encan-ferme-morours-9266-0620-qc-inc\/\">Ferme Morours Auction<\/a><\/td><td>Ste-Madeleine<\/td><\/tr><tr><td>2026-03-10<\/td><td><a href=\"https:\/\/talbotencanteur.ca\/en\/encan-les-industries-dominion-inc\/\">Encan Les Industries Dominion inc.<\/a><\/td><td>Anjou <\/td><\/tr><tr><td>2026-02-04<\/td><td><a href=\"https:\/\/talbotencanteur.ca\/en\/encan-boucherie-unique\/\">Boucherie Unique Auction<\/a><\/td><td>Saint-Jean-sur-Richelieu<\/td><\/tr><tr><td>2025-11-19<\/td><td><a href=\"https:\/\/talbotencanteur.ca\/en\/encan-sml-diesel-performance\/\">SML Diesel Performance Auction<\/a><\/td><td>Longueuil<\/td><\/tr><tr><td>2025-11-05<\/td><td><a href=\"https:\/\/talbotencanteur.ca\/en\/encan-bois-francs-d-m-inc\/\">Encan Bois-Francs D.M. Inc.<\/a><\/td><td>Saint-Jean-sur-Richelieu<\/td><\/tr><tr><td>2025-10-22<\/td><td><a href=\"https:\/\/talbotencanteur.ca\/en\/encan-usinage-serge-leroux-enr\/\">Encan Usinage Serge Leroux enr.<\/a><\/td><td>Stanstead<\/td><\/tr><tr><td>2025-10-16<\/td><td><a href=\"https:\/\/talbotencanteur.ca\/en\/encan-structure-yamaska-inc\/\">Encan Structure Yamaska inc.<\/a><\/td><td>St-C\u00e9saire<\/td><\/tr><tr><td>2025-09-17<\/td><td><a href=\"https:\/\/talbotencanteur.ca\/en\/encan-usinage-maximum\/\">Encan Usinage Maximum inc.<\/a><\/td><td>Boisbriand<\/td><\/tr><tr><td>2025-07-11<\/td><td><a href=\"https:\/\/talbotencanteur.ca\/en\/encan-decoration-metallique-gr-inc\/\">Encan D\u00e9coration M\u00e9tallique GR Inc.<\/a><\/td><td>Boisbriand<\/td><\/tr><tr><td>2025-06-18<\/td><td>Sports NP <\/td><td>St-Andr\u00e9-Avelin<\/td><\/tr><tr><td>2025-06-11<\/td><td>Mistouk wood <\/td><td>Alma <\/td><\/tr><tr><td>2025-05-28<\/td><td>Les Entreprises P.Jacques<\/td><td>Calixa-Lavall\u00e9e<\/td><\/tr><tr><td>2025-05-14<\/td><td>Gestion JLB <\/td><td>Sherbrooke <\/td><\/tr><tr><td>2025-04-30<\/td><td>NG tools <\/td><td>Montr\u00e9al <\/td><\/tr><tr><td>2025-04-16<\/td><td>Center Industriel Talbot <\/td><td>Saint-Jean-sur-Richelieu <\/td><\/tr><tr><td>2025-03-26<\/td><td>20\/100 Concept Design<\/td><td>Mirabel <\/td><\/tr><tr><td>2025-03-19<\/td><td>Bois B.S.L. Inc. (March 19-20-21) <\/td><td>Mont-Joli<\/td><\/tr><tr><td>2025-03-12<\/td><td>Center Industriel Talbot <\/td><td>Saint-Jean-sur-Richelieu<\/td><\/tr><tr><td>2025-02-12<\/td><td>Daniel Fortin (Machining) <\/td><td>Mont-St-Gr\u00e9goire<\/td><\/tr><tr><td>2024-12-04<\/td><td>National Display (Dec 4 &amp; 5)<\/td><td>Gatineau<\/td><\/tr><tr><td>2024-11-06<\/td><td>Center Industriel Talbot (Nov 6 &amp; 7)<\/td><td>Saint-Jean-sur-Richelieu<\/td><\/tr><tr><td>2024-10-23<\/td><td>Mount Royal Walsh inc. <\/td><td>Montr\u00e9al <\/td><\/tr><tr><td>2024-10-03<\/td><td>Groupe Archim\u00e8de inc. <\/td><td>Sherbrooke <\/td><\/tr><tr><td>2024-09-25<\/td><td>Soudure Gravel inc. (Sept 25 &amp; 26)<\/td><td>Blainville<\/td><\/tr><tr><td>2024-09-18<\/td><td>Danexco Management <\/td><td>Ste-Anne-des-Plaines<\/td><\/tr><tr><td>2024-06-19<\/td><td>Gringras et fils Springs<\/td><td>St-J\u00e9r\u00f4me<\/td><\/tr><tr><td>2024-06-12<\/td><td>Sandblasting equipment manufacturer (June 12 &amp; 13)<\/td><td>Terrebonne<\/td><\/tr><tr><td>2024-05-30<\/td><td>Surplus of machining and manufacturing equipment <\/td><td>Multiple locations <\/td><\/tr><tr><td>2024-05-29<\/td><td>Les Constructions Turgeon and Maintenance Turgeon et fils (May 29 &amp; 30)<\/td><td>Saint-Jean-sur-Richelieu<\/td><\/tr><tr><td>2024-05-22<\/td><td>Andritz Hydro Canada &amp; M\u00e9tal C.Laberge (May 22 &amp; 23)<\/td><td>Lachine <\/td><\/tr><tr><td>2024-05-08<\/td><td>Inox Milton inc. <\/td><td>Ste-C\u00e9cile-de-Milton<\/td><\/tr><tr><td>2024-04-24<\/td><td>General contractor <\/td><td>Montr\u00e9al <\/td><\/tr><tr><td>2024-04-10<\/td><td>Center Industriel Talbot <\/td><td>Saint-Jean-sur-Richelieu<\/td><\/tr><tr><td>2024-04-03<\/td><td>D.E.L. Multi-Construction inc.<\/td><td>St-Adelphe <\/td><\/tr><tr><td>2024-03-27<\/td><td>Ressorts et Silencieux St-Jean inc.<\/td><td>Saint-Jean-sur-Richelieu<\/td><\/tr><tr><td>2024-03-13<\/td><td>Atelier d&#039;usinage MMF inc. <\/td><td>Honfleur <\/td><\/tr><tr><td>2024-02-21<\/td><td>Atelier d&#039;usinage C.B. inc. <\/td><td>St-\u00c9douard <\/td><\/tr><tr><td>2023-11-29<\/td><td>4121066 Canada inc.<\/td><td>St-Leonard<\/td><\/tr><tr><td>2023-11-22<\/td><td>Center Industriel Talbot <\/td><td>Saint-Jean-sur-Richelieu<\/td><\/tr><tr><td>2023-11-11<\/td><td>M\u00e9canique Mobile Lafortune<\/td><td>Sorel <\/td><\/tr><tr><td>2023-11-04<\/td><td>Center Industriel Talbot <\/td><td>Saint-Jean-sur-Richelieu<\/td><\/tr><tr><td>2023-09-20<\/td><td>H\u00e9ritage \u00c9b\u00e9nisterie Architecturale (Sept 20 &amp; 21)<\/td><td>Saint-Jean-sur-Richelieu<\/td><\/tr><tr><td>2023-09-13<\/td><td>Excavation RMG inc. <\/td><td>Shawinigan<\/td><\/tr><tr><td>2023-08-23<\/td><td>Chagnon Dairy <\/td><td>Waterloo<\/td><\/tr><tr><td>2023-06-21<\/td><td>Clinique de l&#039;auto G.B. inc. <\/td><td>St-Lambert de Lauzon <\/td><\/tr><tr><td>2023-06-14<\/td><td>Anfibio<\/td><td>Laval<\/td><\/tr><tr><td>2023-06-07<\/td><td>MI12 Snow removal <\/td><td>Sorel<\/td><\/tr><tr><td>2023-05-10<\/td><td>Les Entreprises Prud&#039;Homme inc. (May 10 &amp; 11)<\/td><td>Laval<\/td><\/tr><tr><td>2023-05-03<\/td><td>Poitras Group <\/td><td>Quebec<\/td><\/tr><tr><td>2023-04-26<\/td><td>Makam\u00e9tal <\/td><td>Saint-Jean-sur-Richelieu<\/td><\/tr><tr><td>2023-04-19<\/td><td>Richard d'Anjou equipment<\/td><td>St-Philippe-de-N\u00e9ri<\/td><\/tr><tr><td>2023-03-15<\/td><td>Center Industriel Talbot<\/td><td>Saint-Jean-sur-Richelieu<\/td><\/tr><tr><td>2023-02-28<\/td><td>Solarium Horizon Solutions inc. <\/td><td>Saint-Jean-sur-Richelieu <\/td><\/tr><tr><td>2023-02-22<\/td><td>Aka Inox inc. <\/td><td>Ste-Claire<\/td><\/tr><tr><td>2023-02-01<\/td><td>Crabtree Pizzeria <\/td><td>Repentigny <\/td><\/tr><tr><td>2023-01-18<\/td><td>R&amp;R Rental<\/td><td>Saint-Jean-sur-Richelieu<\/td><\/tr><\/table><\/div>\n<\/div><\/div><\/div><\/div><\/p>","protected":false},"excerpt":{"rendered":"","protected":false},"author":1,"featured_media":0,"parent":0,"menu_order":0,"comment_status":"closed","ping_status":"closed","template":"100-width.php","meta":{"_acf_changed":false,"footnotes":""},"class_list":["post-27","page","type-page","status-publish","hentry"],"acf":[],"yoast_head":"<!-- This site is optimized with the Yoast SEO plugin v26.0 - https:\/\/yoast.com\/wordpress\/plugins\/seo\/ -->\n<title>R\u00e9alisations pass\u00e9es - Encan Talbot<\/title>\n<meta name=\"robots\" content=\"index, follow, max-snippet:-1, max-image-preview:large, max-video-preview:-1\" \/>\n<link rel=\"canonical\" href=\"https:\/\/talbotencanteur.ca\/en\/realisations-passees\/\" \/>\n<meta property=\"og:locale\" content=\"en_US\" \/>\n<meta property=\"og:type\" content=\"article\" \/>\n<meta property=\"og:title\" content=\"R\u00e9alisations pass\u00e9es - Encan Talbot\" \/>\n<meta property=\"og:url\" content=\"https:\/\/talbotencanteur.ca\/en\/realisations-passees\/\" \/>\n<meta property=\"og:site_name\" content=\"Encan Talbot\" \/>\n<meta property=\"article:publisher\" content=\"https:\/\/www.facebook.com\/EncanTalbot\/\" \/>\n<meta property=\"article:modified_time\" content=\"2025-10-17T20:31:30+00:00\" \/>\n<meta property=\"og:image\" content=\"https:\/\/talbotencanteur.ca\/wp-content\/uploads\/2024\/10\/bg-1.jpg\" \/>\n\t<meta property=\"og:image:width\" content=\"2560\" \/>\n\t<meta property=\"og:image:height\" content=\"800\" \/>\n\t<meta property=\"og:image:type\" content=\"image\/jpeg\" \/>\n<meta name=\"twitter:card\" content=\"summary_large_image\" \/>\n<meta name=\"twitter:label1\" content=\"Est. reading time\" \/>\n\t<meta name=\"twitter:data1\" content=\"2 minutes\" \/>\n<script type=\"application\/ld+json\" class=\"yoast-schema-graph\">{\"@context\":\"https:\/\/schema.org\",\"@graph\":[{\"@type\":\"WebPage\",\"@id\":\"https:\/\/talbotencanteur.ca\/realisations-passees\/\",\"url\":\"https:\/\/talbotencanteur.ca\/realisations-passees\/\",\"name\":\"R\u00e9alisations pass\u00e9es - Encan Talbot\",\"isPartOf\":{\"@id\":\"https:\/\/talbotencanteur.ca\/#website\"},\"datePublished\":\"2024-10-18T20:43:34+00:00\",\"dateModified\":\"2025-10-17T20:31:30+00:00\",\"breadcrumb\":{\"@id\":\"https:\/\/talbotencanteur.ca\/realisations-passees\/#breadcrumb\"},\"inLanguage\":\"en-CA\",\"potentialAction\":[{\"@type\":\"ReadAction\",\"target\":[\"https:\/\/talbotencanteur.ca\/realisations-passees\/\"]}]},{\"@type\":\"BreadcrumbList\",\"@id\":\"https:\/\/talbotencanteur.ca\/realisations-passees\/#breadcrumb\",\"itemListElement\":[{\"@type\":\"ListItem\",\"position\":1,\"name\":\"Accueil\",\"item\":\"https:\/\/talbotencanteur.ca\/\"},{\"@type\":\"ListItem\",\"position\":2,\"name\":\"R\u00e9alisations pass\u00e9es\"}]},{\"@type\":\"WebSite\",\"@id\":\"https:\/\/talbotencanteur.ca\/#website\",\"url\":\"https:\/\/talbotencanteur.ca\/\",\"name\":\"Encan Talbot\",\"description\":\"\",\"publisher\":{\"@id\":\"https:\/\/talbotencanteur.ca\/#organization\"},\"potentialAction\":[{\"@type\":\"SearchAction\",\"target\":{\"@type\":\"EntryPoint\",\"urlTemplate\":\"https:\/\/talbotencanteur.ca\/?s={search_term_string}\"},\"query-input\":{\"@type\":\"PropertyValueSpecification\",\"valueRequired\":true,\"valueName\":\"search_term_string\"}}],\"inLanguage\":\"en-CA\"},{\"@type\":\"Organization\",\"@id\":\"https:\/\/talbotencanteur.ca\/#organization\",\"name\":\"Encan Talbot\",\"url\":\"https:\/\/talbotencanteur.ca\/\",\"logo\":{\"@type\":\"ImageObject\",\"inLanguage\":\"en-CA\",\"@id\":\"https:\/\/talbotencanteur.ca\/#\/schema\/logo\/image\/\",\"url\":\"https:\/\/talbotencanteur.ca\/wp-content\/uploads\/2025\/09\/logo-og.png\",\"contentUrl\":\"https:\/\/talbotencanteur.ca\/wp-content\/uploads\/2025\/09\/logo-og.png\",\"width\":397,\"height\":208,\"caption\":\"Encan Talbot\"},\"image\":{\"@id\":\"https:\/\/talbotencanteur.ca\/#\/schema\/logo\/image\/\"},\"sameAs\":[\"https:\/\/www.facebook.com\/EncanTalbot\/\"]}]}<\/script>\n<!-- \/ Yoast SEO plugin. -->","yoast_head_json":{"title":"R\u00e9alisations pass\u00e9es - Encan Talbot","robots":{"index":"index","follow":"follow","max-snippet":"max-snippet:-1","max-image-preview":"max-image-preview:large","max-video-preview":"max-video-preview:-1"},"canonical":"https:\/\/talbotencanteur.ca\/en\/realisations-passees\/","og_locale":"en_US","og_type":"article","og_title":"R\u00e9alisations pass\u00e9es - Encan Talbot","og_url":"https:\/\/talbotencanteur.ca\/en\/realisations-passees\/","og_site_name":"Encan Talbot","article_publisher":"https:\/\/www.facebook.com\/EncanTalbot\/","article_modified_time":"2025-10-17T20:31:30+00:00","og_image":[{"width":2560,"height":800,"url":"https:\/\/talbotencanteur.ca\/wp-content\/uploads\/2024\/10\/bg-1.jpg","type":"image\/jpeg"}],"twitter_card":"summary_large_image","twitter_misc":{"Est. reading time":"2 minutes"},"schema":{"@context":"https:\/\/schema.org","@graph":[{"@type":"WebPage","@id":"https:\/\/talbotencanteur.ca\/realisations-passees\/","url":"https:\/\/talbotencanteur.ca\/realisations-passees\/","name":"R\u00e9alisations pass\u00e9es - Encan Talbot","isPartOf":{"@id":"https:\/\/talbotencanteur.ca\/#website"},"datePublished":"2024-10-18T20:43:34+00:00","dateModified":"2025-10-17T20:31:30+00:00","breadcrumb":{"@id":"https:\/\/talbotencanteur.ca\/realisations-passees\/#breadcrumb"},"inLanguage":"en-CA","potentialAction":[{"@type":"ReadAction","target":["https:\/\/talbotencanteur.ca\/realisations-passees\/"]}]},{"@type":"BreadcrumbList","@id":"https:\/\/talbotencanteur.ca\/realisations-passees\/#breadcrumb","itemListElement":[{"@type":"ListItem","position":1,"name":"Accueil","item":"https:\/\/talbotencanteur.ca\/"},{"@type":"ListItem","position":2,"name":"R\u00e9alisations pass\u00e9es"}]},{"@type":"WebSite","@id":"https:\/\/talbotencanteur.ca\/#website","url":"https:\/\/talbotencanteur.ca\/","name":"Talbot Auction","description":"","publisher":{"@id":"https:\/\/talbotencanteur.ca\/#organization"},"potentialAction":[{"@type":"SearchAction","target":{"@type":"EntryPoint","urlTemplate":"https:\/\/talbotencanteur.ca\/?s={search_term_string}"},"query-input":{"@type":"PropertyValueSpecification","valueRequired":true,"valueName":"search_term_string"}}],"inLanguage":"en-CA"},{"@type":"Organization","@id":"https:\/\/talbotencanteur.ca\/#organization","name":"Talbot Auction","url":"https:\/\/talbotencanteur.ca\/","logo":{"@type":"ImageObject","inLanguage":"en-CA","@id":"https:\/\/talbotencanteur.ca\/#\/schema\/logo\/image\/","url":"https:\/\/talbotencanteur.ca\/wp-content\/uploads\/2025\/09\/logo-og.png","contentUrl":"https:\/\/talbotencanteur.ca\/wp-content\/uploads\/2025\/09\/logo-og.png","width":397,"height":208,"caption":"Encan Talbot"},"image":{"@id":"https:\/\/talbotencanteur.ca\/#\/schema\/logo\/image\/"},"sameAs":["https:\/\/www.facebook.com\/EncanTalbot\/"]}]}},"_links":{"self":[{"href":"https:\/\/talbotencanteur.ca\/en\/wp-json\/wp\/v2\/pages\/27","targetHints":{"allow":["GET"]}}],"collection":[{"href":"https:\/\/talbotencanteur.ca\/en\/wp-json\/wp\/v2\/pages"}],"about":[{"href":"https:\/\/talbotencanteur.ca\/en\/wp-json\/wp\/v2\/types\/page"}],"author":[{"embeddable":true,"href":"https:\/\/talbotencanteur.ca\/en\/wp-json\/wp\/v2\/users\/1"}],"replies":[{"embeddable":true,"href":"https:\/\/talbotencanteur.ca\/en\/wp-json\/wp\/v2\/comments?post=27"}],"version-history":[{"count":29,"href":"https:\/\/talbotencanteur.ca\/en\/wp-json\/wp\/v2\/pages\/27\/revisions"}],"predecessor-version":[{"id":1241,"href":"https:\/\/talbotencanteur.ca\/en\/wp-json\/wp\/v2\/pages\/27\/revisions\/1241"}],"wp:attachment":[{"href":"https:\/\/talbotencanteur.ca\/en\/wp-json\/wp\/v2\/media?parent=27"}],"curies":[{"name":"wp","href":"https:\/\/api.w.org\/{rel}","templated":true}]}}